{"id":1427,"date":"2013-07-09T12:02:03","date_gmt":"2013-07-09T10:02:03","guid":{"rendered":"http:\/\/cgtcantabria.org\/wp\/?page_id=1427"},"modified":"2021-06-15T12:20:41","modified_gmt":"2021-06-15T11:20:41","slug":"telefonica","status":"publish","type":"page","link":"https:\/\/cgtcantabria.org\/wp\/?page_id=1427","title":{"rendered":"Telef\u00f3nica"},"content":{"rendered":"<h1>Secci\u00f3n Sindical Telef\u00f3nica en Cantabria<\/h1>\n<div>\n<p>\u00a0<strong>Correo eletr\u00f3nico:\u00a0<a href=\"cantabria.cgtele@gmail.com\" target=\"_blank\" rel=\"noopener\">cantabria.cgtele@gmail.com<\/a><\/strong><\/p>\n<p><strong>Tel\u00e9fono: 942324240<\/strong><\/p>\n<p><strong>P\u00e1gina web: \u00a0\u00a0<a href=\"https:\/\/cgt-sft.org\/\" target=\"_blank\" rel=\"noopener\">https:\/\/cgt-sft.org\/<\/a><\/strong><\/p>\n<p>&nbsp;<\/p>\n<\/div>\n<p><!--more--><\/p>\n","protected":false},"excerpt":{"rendered":"<p>Secci\u00f3n Sindical Telef\u00f3nica en Cantabria \u00a0Correo eletr\u00f3nico:\u00a0cantabria.cgtele@gmail.com Tel\u00e9fono: 942324240 P\u00e1gina web: \u00a0\u00a0https:\/\/cgt-sft.org\/ &nbsp;<\/p>\n","protected":false},"author":1,"featured_media":0,"parent":0,"menu_order":0,"comment_status":"open","ping_status":"open","template":"","meta":{"footnotes":""},"class_list":["post-1427","page","type-page","status-publish","hentry"],"_links":{"self":[{"href":"https:\/\/cgtcantabria.org\/wp\/index.php?rest_route=\/wp\/v2\/pages\/1427","targetHints":{"allow":["GET"]}}],"collection":[{"href":"https:\/\/cgtcantabria.org\/wp\/index.php?rest_route=\/wp\/v2\/pages"}],"about":[{"href":"https:\/\/cgtcantabria.org\/wp\/index.php?rest_route=\/wp\/v2\/types\/page"}],"author":[{"embeddable":true,"href":"https:\/\/cgtcantabria.org\/wp\/index.php?rest_route=\/wp\/v2\/users\/1"}],"replies":[{"embeddable":true,"href":"https:\/\/cgtcantabria.org\/wp\/index.php?rest_route=%2Fwp%2Fv2%2Fcomments&post=1427"}],"version-history":[{"count":7,"href":"https:\/\/cgtcantabria.org\/wp\/index.php?rest_route=\/wp\/v2\/pages\/1427\/revisions"}],"predecessor-version":[{"id":9833,"href":"https:\/\/cgtcantabria.org\/wp\/index.php?rest_route=\/wp\/v2\/pages\/1427\/revisions\/9833"}],"wp:attachment":[{"href":"https:\/\/cgtcantabria.org\/wp\/index.php?rest_route=%2Fwp%2Fv2%2Fmedia&parent=1427"}],"curies":[{"name":"wp","href":"https:\/\/api.w.org\/{rel}","templated":true}]}}