{"id":1596,"date":"2014-01-12T18:27:57","date_gmt":"2014-01-12T16:27:57","guid":{"rendered":"http:\/\/cgtcantabria.org\/wp\/?page_id=1596"},"modified":"2022-04-12T16:30:04","modified_gmt":"2022-04-12T15:30:04","slug":"afiliate-a-cgt","status":"publish","type":"page","link":"https:\/\/cgtcantabria.org\/wp\/?page_id=1596","title":{"rendered":"Af\u00edliate a CGT"},"content":{"rendered":"<h5 style=\"text-align: center;\"><strong><span style=\"color: #000000; font-size: 1.8em; line-height: 1.5em;\">En la C<\/span><span style=\"color: #000000; font-size: 1.8em; line-height: 1.5em;\">GT\u00a0decidimos\u00a0las\u00a0y los\u00a0trabajadores, y nadie m\u00e1s.<br \/>\n<\/span><\/strong><strong><span style=\"color: #000000; font-size: 1.8em; line-height: 1.5em;\">Toma la palabra y pasa a la acci\u00f3n.<br \/>\n<\/span><\/strong><strong><span style=\"color: #000000; font-size: 1.8em; line-height: 1.5em;\">Af\u00edliate a la CGT.<\/span><\/strong><\/h5>\n<p>Para afiliarte a\u00a0la CGT en Cantabria puedes pasarte por el local de la federaci\u00f3n en<\/p>\n<h2>C. Joaqu\u00edn Reguera Sevilla N\u00ba 2\u00a0 Bajo 39001 Santander<\/h2>\n<p><a href=\"http:\/\/cgtcantabria.org\/wp\/wp-content\/uploads\/2018\/10\/HORARIO-DE-APERTURA-1-1.jpg\"><img loading=\"lazy\" decoding=\"async\" class=\"alignright wp-image-9011 size-medium\" src=\"https:\/\/cgtcantabria.org\/wp\/wp-content\/uploads\/2018\/10\/HORARIO-DE-APERTURA-1-1-e1608637788426-300x136.jpg\" alt=\"\" width=\"300\" height=\"136\" srcset=\"https:\/\/cgtcantabria.org\/wp\/wp-content\/uploads\/2018\/10\/HORARIO-DE-APERTURA-1-1-e1608637788426-300x136.jpg 300w, https:\/\/cgtcantabria.org\/wp\/wp-content\/uploads\/2018\/10\/HORARIO-DE-APERTURA-1-1-e1608637788426-768x349.jpg 768w, https:\/\/cgtcantabria.org\/wp\/wp-content\/uploads\/2018\/10\/HORARIO-DE-APERTURA-1-1-e1608637788426-1024x465.jpg 1024w, https:\/\/cgtcantabria.org\/wp\/wp-content\/uploads\/2018\/10\/HORARIO-DE-APERTURA-1-1-e1608637788426-1536x698.jpg 1536w, https:\/\/cgtcantabria.org\/wp\/wp-content\/uploads\/2018\/10\/HORARIO-DE-APERTURA-1-1-e1608637788426-2048x930.jpg 2048w\" sizes=\"auto, (max-width: 300px) 100vw, 300px\" \/><\/a>Para cualquier duda o cuesti\u00f3n tambi\u00e9n pod\u00e9is contactar con nosotr@s a trav\u00e9s del siguiente tel\u00e9fono o direcci\u00f3n de correo electr\u00f3nico.<\/p>\n<h3 style=\"text-align: center;\">\u00a0Tel\u00e9fono: 942 310202<br \/>\nconfederacion@cgtcantabria.org<\/h3>\n<div id=\"texteconteneur\">\n<p>&nbsp;<\/p>\n<p>O bien puedes rellenar la ficha que adjuntamos (on-line) y hacerla llegar por el cauce que consideres m\u00e1s adecuado:<\/p>\n<p><a href=\"http:\/\/cgtcantabria.org\/wp\/wp-content\/uploads\/2014\/01\/Ficha-de-afiliaci\u00f3n-a-CGT.pdf\">Ficha de afiliaci\u00f3n a CGT<\/a> \u00a0<a href=\"http:\/\/cgtcantabria.org\/wp\/wp-content\/uploads\/2012\/05\/MODELO_FICHA_-AFILIACION.pdf\" target=\"_blank\" rel=\"noopener noreferrer\"><img loading=\"lazy\" decoding=\"async\" title=\"Ficha de Afiliaci\u00f3n\" src=\"http:\/\/cgtcantabria.org\/wp\/wp-content\/uploads\/2012\/05\/pdf-d7486.png\" alt=\"Ficha de Afiliaci\u00f3n\" width=\"52\" height=\"52\" \/><\/a><\/p>\n<h2 style=\"text-align: center;\"><strong>\u00a1Af\u00edliate a CGT y participa!<\/strong><\/h2>\n<\/div>\n<p><a href=\"https:\/\/cgtcantabria.org\/wp\/wp-content\/uploads\/2022\/04\/Organizate-en-cgt.png\"><img loading=\"lazy\" decoding=\"async\" class=\"size-full wp-image-10207 aligncenter\" src=\"https:\/\/cgtcantabria.org\/wp\/wp-content\/uploads\/2022\/04\/Organizate-en-cgt.png\" alt=\"\" width=\"432\" height=\"146\" srcset=\"https:\/\/cgtcantabria.org\/wp\/wp-content\/uploads\/2022\/04\/Organizate-en-cgt.png 432w, https:\/\/cgtcantabria.org\/wp\/wp-content\/uploads\/2022\/04\/Organizate-en-cgt-300x101.png 300w\" sizes=\"auto, (max-width: 432px) 100vw, 432px\" \/><\/a><\/p>\n<p>&nbsp;<\/p>\n<p>&nbsp;<\/p>\n<p>&nbsp;<\/p>\n","protected":false},"excerpt":{"rendered":"<p>En la CGT\u00a0decidimos\u00a0las\u00a0y los\u00a0trabajadores, y nadie m\u00e1s. Toma la palabra y pasa a la acci\u00f3n. Af\u00edliate a la CGT. Para afiliarte a\u00a0la CGT en Cantabria puedes pasarte por el local de la federaci\u00f3n en C. Joaqu\u00edn Reguera Sevilla N\u00ba 2\u00a0 &hellip; <a href=\"https:\/\/cgtcantabria.org\/wp\/?page_id=1596\">Sigue leyendo <span class=\"meta-nav\">&rarr;<\/span><\/a><\/p>\n","protected":false},"author":14,"featured_media":0,"parent":0,"menu_order":0,"comment_status":"open","ping_status":"open","template":"","meta":{"footnotes":""},"class_list":["post-1596","page","type-page","status-publish","hentry"],"_links":{"self":[{"href":"https:\/\/cgtcantabria.org\/wp\/index.php?rest_route=\/wp\/v2\/pages\/1596","targetHints":{"allow":["GET"]}}],"collection":[{"href":"https:\/\/cgtcantabria.org\/wp\/index.php?rest_route=\/wp\/v2\/pages"}],"about":[{"href":"https:\/\/cgtcantabria.org\/wp\/index.php?rest_route=\/wp\/v2\/types\/page"}],"author":[{"embeddable":true,"href":"https:\/\/cgtcantabria.org\/wp\/index.php?rest_route=\/wp\/v2\/users\/14"}],"replies":[{"embeddable":true,"href":"https:\/\/cgtcantabria.org\/wp\/index.php?rest_route=%2Fwp%2Fv2%2Fcomments&post=1596"}],"version-history":[{"count":12,"href":"https:\/\/cgtcantabria.org\/wp\/index.php?rest_route=\/wp\/v2\/pages\/1596\/revisions"}],"predecessor-version":[{"id":10208,"href":"https:\/\/cgtcantabria.org\/wp\/index.php?rest_route=\/wp\/v2\/pages\/1596\/revisions\/10208"}],"wp:attachment":[{"href":"https:\/\/cgtcantabria.org\/wp\/index.php?rest_route=%2Fwp%2Fv2%2Fmedia&parent=1596"}],"curies":[{"name":"wp","href":"https:\/\/api.w.org\/{rel}","templated":true}]}}