{"id":1645,"date":"2014-01-23T11:16:55","date_gmt":"2014-01-23T09:16:55","guid":{"rendered":"http:\/\/cgtcantabria.org\/wp\/?page_id=1645"},"modified":"2014-05-18T09:58:22","modified_gmt":"2014-05-18T07:58:22","slug":"rbis-una-herramienta-para-el-cambio","status":"publish","type":"page","link":"https:\/\/cgtcantabria.org\/wp\/?page_id=1645","title":{"rendered":"Materiales sobre la RBis"},"content":{"rendered":"<h1>C\u00f3mic Renta B\u00e1sica de la Iguales. Una herramienta para el cambio.<\/h1>\n<p>C\u00f3mic editado por la CGT-Cantabria donde os animamos a informaros sobre la Renta B\u00e1sica de las Iguales y a participar en su impulso. A continuaci\u00f3n de las im\u00e1genes pod\u00e9is descargar el c\u00f3mic en formato PDF en color o en blanco y negro para difundir, imprimir, regalar, &#8230; a los cuatro vientos.<\/p>\n<p><img loading=\"lazy\" decoding=\"async\" class=\"alignnone\" src=\"http:\/\/cgtcantabria.org\/wp\/wp-content\/uploads\/2014\/01\/RENTA-BASICA00011.jpg\" alt=\"\" width=\"604\" height=\"858\" \/><\/p>\n<p><img loading=\"lazy\" decoding=\"async\" class=\"alignnone\" src=\"http:\/\/cgtcantabria.org\/wp\/wp-content\/uploads\/2014\/01\/RENTA-BASICA0002.jpg\" alt=\"\" width=\"634\" height=\"899\" \/><\/p>\n<p><a href=\"http:\/\/cgtcantabria.org\/wp\/wp-content\/uploads\/2014\/01\/RENTA-BASICA0004.jpg\"><img loading=\"lazy\" decoding=\"async\" class=\"alignnone\" src=\"http:\/\/cgtcantabria.org\/wp\/wp-content\/uploads\/2014\/01\/RENTA-BASICA0003.jpg\" alt=\"\" width=\"623\" height=\"882\" \/><img loading=\"lazy\" decoding=\"async\" class=\"alignnone\" src=\"http:\/\/cgtcantabria.org\/wp\/wp-content\/uploads\/2014\/01\/RENTA-BASICA0004.jpg\" alt=\"\" width=\"635\" height=\"900\" \/><\/a><\/p>\n<p>&nbsp;<\/p>\n<p>Descargar el C\u00f3mic en PDF:\u00a0Pincha aqu\u00ed para BN\u00a0<a href=\"https:\/\/www.dropbox.com\/s\/46re6t751gb8va7\/C%C3%B3micRBisBN.pdf\" target=\"_blank\"><img loading=\"lazy\" decoding=\"async\" class=\"alignnone  wp-image-1669\" src=\"http:\/\/cgtcantabria.org\/wp\/wp-content\/uploads\/2014\/01\/RENTA-BASICA00012-211x300.jpg\" alt=\"RENTA BASICA0001\" width=\"61\" height=\"86\" \/><\/a>\u00a0Pincha aqu\u00ed para Color\u00a0<a href=\"https:\/\/www.dropbox.com\/s\/j520q5hw0mkh5yi\/C%C3%B3micRBisColor.pdf\" target=\"_blank\"><img loading=\"lazy\" decoding=\"async\" class=\"alignnone  wp-image-1668\" src=\"http:\/\/cgtcantabria.org\/wp\/wp-content\/uploads\/2014\/01\/RENTA-BASICA0001-211x300.jpg\" alt=\"RENTA BASICA0001\" width=\"61\" height=\"86\" \/><\/a><\/p>\n","protected":false},"excerpt":{"rendered":"<p>C\u00f3mic Renta B\u00e1sica de la Iguales. Una herramienta para el cambio. C\u00f3mic editado por la CGT-Cantabria donde os animamos a informaros sobre la Renta B\u00e1sica de las Iguales y a participar en su impulso. A continuaci\u00f3n de las im\u00e1genes pod\u00e9is &hellip; <a href=\"https:\/\/cgtcantabria.org\/wp\/?page_id=1645\">Sigue leyendo <span class=\"meta-nav\">&rarr;<\/span><\/a><\/p>\n","protected":false},"author":13,"featured_media":0,"parent":0,"menu_order":0,"comment_status":"open","ping_status":"open","template":"","meta":{"footnotes":""},"class_list":["post-1645","page","type-page","status-publish","hentry"],"_links":{"self":[{"href":"https:\/\/cgtcantabria.org\/wp\/index.php?rest_route=\/wp\/v2\/pages\/1645","targetHints":{"allow":["GET"]}}],"collection":[{"href":"https:\/\/cgtcantabria.org\/wp\/index.php?rest_route=\/wp\/v2\/pages"}],"about":[{"href":"https:\/\/cgtcantabria.org\/wp\/index.php?rest_route=\/wp\/v2\/types\/page"}],"author":[{"embeddable":true,"href":"https:\/\/cgtcantabria.org\/wp\/index.php?rest_route=\/wp\/v2\/users\/13"}],"replies":[{"embeddable":true,"href":"https:\/\/cgtcantabria.org\/wp\/index.php?rest_route=%2Fwp%2Fv2%2Fcomments&post=1645"}],"version-history":[{"count":7,"href":"https:\/\/cgtcantabria.org\/wp\/index.php?rest_route=\/wp\/v2\/pages\/1645\/revisions"}],"predecessor-version":[{"id":1678,"href":"https:\/\/cgtcantabria.org\/wp\/index.php?rest_route=\/wp\/v2\/pages\/1645\/revisions\/1678"}],"wp:attachment":[{"href":"https:\/\/cgtcantabria.org\/wp\/index.php?rest_route=%2Fwp%2Fv2%2Fmedia&parent=1645"}],"curies":[{"name":"wp","href":"https:\/\/api.w.org\/{rel}","templated":true}]}}