{"id":1778,"date":"2014-03-26T17:17:10","date_gmt":"2014-03-26T15:17:10","guid":{"rendered":"http:\/\/cgtcantabria.org\/wp\/?page_id=1778"},"modified":"2014-11-20T14:30:06","modified_gmt":"2014-11-20T12:30:06","slug":"marchas-dignidad","status":"publish","type":"page","link":"https:\/\/cgtcantabria.org\/wp\/?page_id=1778","title":{"rendered":"Marchas Dignidad 15M &#8211; 22M"},"content":{"rendered":"<h1>15 de marzo<\/h1>\n<p>La CGT particip\u00f3 en la organizaci\u00f3n de la marcha a pie del 15 de marzo que finaliz\u00f3 en Torrelavega. Gracias a tod@s.<\/p>\n<p style=\"text-align: center;\"><a href=\"http:\/\/cgtcantabria.org\/wp\/wp-content\/uploads\/2014\/03\/DSC02175.jpg\"><img loading=\"lazy\" decoding=\"async\" class=\"aligncenter\" src=\"http:\/\/cgtcantabria.org\/wp\/wp-content\/uploads\/2014\/03\/DSC02175-1024x681.jpg\" alt=\"SONY DSC\" width=\"448\" height=\"298\" \/><\/a><\/p>\n<p style=\"text-align: center;\"><a href=\"https:\/\/www.dropbox.com\/sh\/hywvfcb3lb32q25\/oFuVuLGd2l\">Ver fotos<\/a><\/p>\n<h1>22 de marzo<\/h1>\n<p>Personas de todas las edades llegadas de distintos puntos del estado espa\u00f1ol ocuparon el espacio entre Atocha y la Plaza de Col\u00f3n para manifestarse en contra de las pol\u00edticas antisociales y represivas del Gobierno y de las instituciones que forman la Troika.<br \/>\nGracias a tod@s.<\/p>\n<p style=\"text-align: center;\"><a href=\"http:\/\/cgtcantabria.org\/wp\/wp-content\/uploads\/2014\/03\/DSC02177.jpg\"><img loading=\"lazy\" decoding=\"async\" class=\"aligncenter\" src=\"http:\/\/cgtcantabria.org\/wp\/wp-content\/uploads\/2014\/03\/DSC02177-1024x692.jpg\" alt=\"SONY DSC\" width=\"448\" height=\"302\" \/><\/a><\/p>\n<p style=\"text-align: center;\"><a href=\"https:\/\/www.dropbox.com\/sh\/xfswdwvgnpv7404\/CjrAa6mu52\">Ver fotos<\/a><\/p>\n<p id=\"page-title\" style=\"text-align: center;\"><a href=\"http:\/\/rojoynegro.info\/video\/agitaci%C3%B3n\/v%C3%ADdeo-22m-manifestaci%C3%B3n-las-marchas-la-dignidad\">[V\u00eddeo]: 22M: Manifestaci\u00f3n de las Marchas por la Dignidad<\/a><\/p>\n<p style=\"text-align: center;\"><a href=\"https:\/\/www.youtube.com\/watch?v=1_8qYGMXJYE\">[V\u00eddeo]:22M No tenemos miedo al Gobierno de la Troika<\/a><\/p>\n<p style=\"text-align: right;\"><em>accionsocial@cgtcantabria.org<\/em><\/p>\n","protected":false},"excerpt":{"rendered":"<p>15 de marzo La CGT particip\u00f3 en la organizaci\u00f3n de la marcha a pie del 15 de marzo que finaliz\u00f3 en Torrelavega. Gracias a tod@s. Ver fotos 22 de marzo Personas de todas las edades llegadas de distintos puntos del &hellip; <a href=\"https:\/\/cgtcantabria.org\/wp\/?page_id=1778\">Sigue leyendo <span class=\"meta-nav\">&rarr;<\/span><\/a><\/p>\n","protected":false},"author":13,"featured_media":0,"parent":0,"menu_order":0,"comment_status":"open","ping_status":"open","template":"","meta":{"footnotes":""},"class_list":["post-1778","page","type-page","status-publish","hentry"],"_links":{"self":[{"href":"https:\/\/cgtcantabria.org\/wp\/index.php?rest_route=\/wp\/v2\/pages\/1778","targetHints":{"allow":["GET"]}}],"collection":[{"href":"https:\/\/cgtcantabria.org\/wp\/index.php?rest_route=\/wp\/v2\/pages"}],"about":[{"href":"https:\/\/cgtcantabria.org\/wp\/index.php?rest_route=\/wp\/v2\/types\/page"}],"author":[{"embeddable":true,"href":"https:\/\/cgtcantabria.org\/wp\/index.php?rest_route=\/wp\/v2\/users\/13"}],"replies":[{"embeddable":true,"href":"https:\/\/cgtcantabria.org\/wp\/index.php?rest_route=%2Fwp%2Fv2%2Fcomments&post=1778"}],"version-history":[{"count":5,"href":"https:\/\/cgtcantabria.org\/wp\/index.php?rest_route=\/wp\/v2\/pages\/1778\/revisions"}],"predecessor-version":[{"id":2446,"href":"https:\/\/cgtcantabria.org\/wp\/index.php?rest_route=\/wp\/v2\/pages\/1778\/revisions\/2446"}],"wp:attachment":[{"href":"https:\/\/cgtcantabria.org\/wp\/index.php?rest_route=%2Fwp%2Fv2%2Fmedia&parent=1778"}],"curies":[{"name":"wp","href":"https:\/\/api.w.org\/{rel}","templated":true}]}}