{"id":2,"date":"2010-10-09T11:12:06","date_gmt":"2010-10-09T10:12:06","guid":{"rendered":"http:\/\/cgtcantabria.org\/wp\/?page_id=2"},"modified":"2022-04-12T16:06:23","modified_gmt":"2022-04-12T15:06:23","slug":"about","status":"publish","type":"page","link":"https:\/\/cgtcantabria.org\/wp\/?page_id=2","title":{"rendered":"Nosotr@s"},"content":{"rendered":"<h2 style=\"text-align: left;\"><strong>Federaci\u00f3n Regional de CGT en Cantabria<\/strong><\/h2>\n<p>Pod\u00e9is encontrarnos en el local de la Federaci\u00f3n Regional de la CGT ubicado en la siguiente direcci\u00f3n de Santander:<\/p>\n<h2>C. Joaqu\u00edn Reguera Sevilla N\u00ba 2 Bajo 39001 Santander<\/h2>\n<h1 style=\"text-align: center;\"><\/h1>\n<p><a href=\"https:\/\/cgtcantabria.org\/wp\/wp-content\/uploads\/2022\/04\/Puerta_CGT.png\"><img loading=\"lazy\" decoding=\"async\" class=\"aligncenter size-medium wp-image-10197\" src=\"https:\/\/cgtcantabria.org\/wp\/wp-content\/uploads\/2022\/04\/Puerta_CGT-300x164.png\" alt=\"\" width=\"300\" height=\"164\" srcset=\"https:\/\/cgtcantabria.org\/wp\/wp-content\/uploads\/2022\/04\/Puerta_CGT-300x164.png 300w, https:\/\/cgtcantabria.org\/wp\/wp-content\/uploads\/2022\/04\/Puerta_CGT-768x421.png 768w, https:\/\/cgtcantabria.org\/wp\/wp-content\/uploads\/2022\/04\/Puerta_CGT.png 789w\" sizes=\"auto, (max-width: 300px) 100vw, 300px\" \/><\/a><br \/>\nPara cualquier duda o cuesti\u00f3n tambi\u00e9n pod\u00e9is contactar con nosotr@s a trav\u00e9s del siguiente tel\u00e9fono o direcci\u00f3n de correo electr\u00f3nico.<\/p>\n<h2>\u00a0\u00a0\u00a0 Tel\u00e9fono: 942 310202<\/h2>\n<h2>\u00a0 \u00a0 confederacion@cgtcantabria.org<\/h2>\n<p><a href=\"http:\/\/cgtcantabria.org\/wp\/wp-content\/uploads\/2018\/10\/HORARIO-DE-APERTURA-1-1.jpg\"><img loading=\"lazy\" decoding=\"async\" class=\"alignnone wp-image-9011 size-large\" src=\"https:\/\/cgtcantabria.org\/wp\/wp-content\/uploads\/2018\/10\/HORARIO-DE-APERTURA-1-1-e1608637788426-1024x465.jpg\" alt=\"\" width=\"640\" height=\"291\" srcset=\"https:\/\/cgtcantabria.org\/wp\/wp-content\/uploads\/2018\/10\/HORARIO-DE-APERTURA-1-1-e1608637788426-1024x465.jpg 1024w, https:\/\/cgtcantabria.org\/wp\/wp-content\/uploads\/2018\/10\/HORARIO-DE-APERTURA-1-1-e1608637788426-300x136.jpg 300w, https:\/\/cgtcantabria.org\/wp\/wp-content\/uploads\/2018\/10\/HORARIO-DE-APERTURA-1-1-e1608637788426-768x349.jpg 768w, https:\/\/cgtcantabria.org\/wp\/wp-content\/uploads\/2018\/10\/HORARIO-DE-APERTURA-1-1-e1608637788426-1536x698.jpg 1536w, https:\/\/cgtcantabria.org\/wp\/wp-content\/uploads\/2018\/10\/HORARIO-DE-APERTURA-1-1-e1608637788426-2048x930.jpg 2048w\" sizes=\"auto, (max-width: 640px) 100vw, 640px\" \/><\/a><\/p>\n<p style=\"text-align: center;\">\n","protected":false},"excerpt":{"rendered":"<p>Federaci\u00f3n Regional de CGT en Cantabria Pod\u00e9is encontrarnos en el local de la Federaci\u00f3n Regional de la CGT ubicado en la siguiente direcci\u00f3n de Santander: C. Joaqu\u00edn Reguera Sevilla N\u00ba 2 Bajo 39001 Santander Para cualquier duda o cuesti\u00f3n tambi\u00e9n &hellip; <a href=\"https:\/\/cgtcantabria.org\/wp\/?page_id=2\">Sigue leyendo <span class=\"meta-nav\">&rarr;<\/span><\/a><\/p>\n","protected":false},"author":1,"featured_media":0,"parent":0,"menu_order":0,"comment_status":"closed","ping_status":"closed","template":"","meta":{"footnotes":""},"class_list":["post-2","page","type-page","status-publish","hentry"],"_links":{"self":[{"href":"https:\/\/cgtcantabria.org\/wp\/index.php?rest_route=\/wp\/v2\/pages\/2","targetHints":{"allow":["GET"]}}],"collection":[{"href":"https:\/\/cgtcantabria.org\/wp\/index.php?rest_route=\/wp\/v2\/pages"}],"about":[{"href":"https:\/\/cgtcantabria.org\/wp\/index.php?rest_route=\/wp\/v2\/types\/page"}],"author":[{"embeddable":true,"href":"https:\/\/cgtcantabria.org\/wp\/index.php?rest_route=\/wp\/v2\/users\/1"}],"replies":[{"embeddable":true,"href":"https:\/\/cgtcantabria.org\/wp\/index.php?rest_route=%2Fwp%2Fv2%2Fcomments&post=2"}],"version-history":[{"count":14,"href":"https:\/\/cgtcantabria.org\/wp\/index.php?rest_route=\/wp\/v2\/pages\/2\/revisions"}],"predecessor-version":[{"id":10198,"href":"https:\/\/cgtcantabria.org\/wp\/index.php?rest_route=\/wp\/v2\/pages\/2\/revisions\/10198"}],"wp:attachment":[{"href":"https:\/\/cgtcantabria.org\/wp\/index.php?rest_route=%2Fwp%2Fv2%2Fmedia&parent=2"}],"curies":[{"name":"wp","href":"https:\/\/api.w.org\/{rel}","templated":true}]}}