{"id":2118,"date":"2014-07-28T21:38:48","date_gmt":"2014-07-28T19:38:48","guid":{"rendered":"http:\/\/cgtcantabria.org\/wp\/?page_id=2118"},"modified":"2014-10-12T18:28:06","modified_gmt":"2014-10-12T16:28:06","slug":"tratado-trasatlantico-de-libre-comercio-eeuu-ue-ttip","status":"publish","type":"page","link":"https:\/\/cgtcantabria.org\/wp\/?page_id=2118","title":{"rendered":"Tratado Trasatl\u00e1ntico de Libre Comercio EEUU &#8211; UE (TTIP)"},"content":{"rendered":"<p style=\"text-align: justify;\"><strong>\u00bfQu\u00e9 es el Tratado de Libre Comercio (TTIP)?<\/strong><\/p>\n<p style=\"text-align: justify;\"><a href=\"http:\/\/cgtcantabria.org\/wp\/wp-content\/uploads\/2014\/10\/ttip.jpg\"><img loading=\"lazy\" decoding=\"async\" class=\"alignright wp-image-2284 size-thumbnail\" src=\"http:\/\/cgtcantabria.org\/wp\/wp-content\/uploads\/2014\/10\/ttip-150x150.jpg\" alt=\"ttip\" width=\"150\" height=\"150\" srcset=\"https:\/\/cgtcantabria.org\/wp\/wp-content\/uploads\/2014\/10\/ttip-150x150.jpg 150w, https:\/\/cgtcantabria.org\/wp\/wp-content\/uploads\/2014\/10\/ttip.jpg 225w\" sizes=\"auto, (max-width: 150px) 100vw, 150px\" \/><\/a>El Tratado Transatl\u00e1ntico de Comercio e Inversiones (TTIP en sus siglas en ingl\u00e9s) es un tratado de libre comercio que se est\u00e1 negociando entre la Uni\u00f3n Europea y Estados Unidos desde junio de 2013, con la intenci\u00f3n de crear la zona de libre comercio mayor del mundo.<\/p>\n<p style=\"text-align: justify;\"><strong>\u00bfQu\u00e9 supone?<\/strong><\/p>\n<p style=\"text-align: justify;\">* Los servicios p\u00fablicos, la educaci\u00f3n, la sanidad, el transporte, las pensiones\u2026 todo ser\u00e1 objeto de negocio para las grandes empresas. Y donde antes hab\u00eda becas ahora habr\u00e1 cr\u00e9ditos, donde hab\u00eda pensiones p\u00fablicas habr\u00e1 fondos privados y la cobertura sanitaria p\u00fablica se convertir\u00e1 en seguros privados.<br \/>\n<strong>\u00bfY qui\u00e9n har\u00e1 negocio con estos servicios?<\/strong><br \/>\nLo estamos viendo ya: los fondos buitre, los grandes bancos y las grandes empresas (por otra parte, todos ligados entre s\u00ed). Pero lo m\u00e1s alarmante es que en lugar de negociar qu\u00e9 servicios p\u00fablicos se propondr\u00e1n para ser privatizados, se ha optado por hacer una lista negativa, es decir, el principio es que todos los servicios p\u00fablicos son privatizables y si se quiere que alguno no entre en la lista, hay que decirlo expresamente.<br \/>\n<strong>El mundo del trabajo<\/strong>,<br \/>\nya que el TPI representa una amenaza para el empleo y los derechos de los trabajadores, favorece la deslocalizaci\u00f3n y relaja las normativas laborales. Restringe el derecho de sindicaci\u00f3n y de huelga. Y por si fuera poco, cualquier reforma futura encaminada a mejorar las condiciones de empleo podr\u00e1 ser objeto de demandas de indemnizaci\u00f3n por parte de las empresas.<br \/>\n<strong>\u00a0Los derechos medioambientales<\/strong><br \/>\nest\u00e1n tambi\u00e9n amenazados, La propia CE advierte que \u201cpuede haber riesgos para los recursos naturales y la conservaci\u00f3n de la biodiversidad\u201d; otros derechos, como el de libre circulaci\u00f3n de las personas, el derecho a la informaci\u00f3n o al respeto a la privacidad se ver\u00e1 afectado.<br \/>\nLa inclusi\u00f3n de un cap\u00edtulo sobre protecci\u00f3n de las inversiones ampl\u00eda las posibilidades de que la fractura hidr\u00e1ulica, fracking, sea una realidad en Europa.<\/p>\n<p style=\"text-align: justify;\"><a href=\"http:\/\/cgtcantabria.org\/wp\/wp-content\/uploads\/2014\/10\/ttip-logo_trojanisches-pferd.jpg\"><img loading=\"lazy\" decoding=\"async\" class=\"alignright wp-image-2283 size-medium\" src=\"http:\/\/cgtcantabria.org\/wp\/wp-content\/uploads\/2014\/10\/ttip-logo_trojanisches-pferd-292x300.jpg\" alt=\"ttip-logo_trojanisches-pferd\" width=\"292\" height=\"300\" srcset=\"https:\/\/cgtcantabria.org\/wp\/wp-content\/uploads\/2014\/10\/ttip-logo_trojanisches-pferd-292x300.jpg 292w, https:\/\/cgtcantabria.org\/wp\/wp-content\/uploads\/2014\/10\/ttip-logo_trojanisches-pferd.jpg 333w\" sizes=\"auto, (max-width: 292px) 100vw, 292px\" \/><\/a>Pero con la gravedad que tiene todo lo dicho, lo peor es la pretensi\u00f3n de instaurar el, Investor State Dispute Settlement (ISDS) <strong>Mecanismo de Resoluci\u00f3n de Conflictos entre inversores y Estados<\/strong>, que permitir\u00e1 a las grandes corporaciones y empresas denunciar a los gobiernos locales, regionales y estatales cuando consideren que una norma emitida por cualquiera de ellos puede restringir o limitar sus ganancias presentes o futuras. Habr\u00e1 tribunales especiales, formados por tres abogados privados, al margen de cualquier tribunal estatal o internacional, y al que solo podr\u00e1n recurrir los inversores.<br \/>\nSus fallos ser\u00e1n inapelables.<\/p>\n<p style=\"text-align: justify;\">M\u00e1s informaci\u00f3n: http:\/\/noalttip.blogspot.com.es\/<\/p>\n<p><iframe loading=\"lazy\" src=\"\/\/www.youtube.com\/embed\/hU8SsEtFvds\" width=\"560\" height=\"315\" frameborder=\"0\" allowfullscreen=\"allowfullscreen\"><\/iframe><\/p>\n<p><span style=\"font-weight: bold; color: #222222;\">\u00abCuando el gobierno viola los derechos del pueblo la insurrecci\u00f3n es para el pueblo y para cada porci\u00f3n del pueblo, el m\u00e1s sagrado de sus derechos y el m\u00e1s indispensable de sus deberes.\u00bb<br \/>\n( Declaraci\u00f3n de los derechos del hombre y del ciudadano- 1793)<\/span><\/p>\n<h1>Documento Secreto sobre \u201cServicos Financieros\u201d del Tratado de Servicios TiSA<\/h1>\n<p style=\"color: #000000; text-align: justify;\">Gregorio Abascal | Econom\u00eda Ciudadana | 19\/06\/2014<\/p>\n<p style=\"color: #000000; text-align: justify;\">Frente al secretismo de la Uni\u00f3n Europea y Estados Unidos en las negociaciones sobre el Libre Comercio, hoy Wikileaks ha hecho p\u00fablico el Anexo referente al Sistema Financiero que se esta negociando en El Tratado sobre Servicios TiSA.<\/p>\n<p style=\"color: #000000; text-align: justify;\">Es especialmente\u00a0relevante\u00a0la filtraci\u00f3n del Anexo sobre el Sistema Financiero porque en el documento filtrado por la web\u00a0espa\u00f1ola\u00a0\u201cFiltrala\u201d\u00a0sobre\u00a0el\u00a0Apartado\u00a0de Servicios\u201d del Acuerdo\u00a0Transatl\u00e1ntico\u00a0de Comercio e Inversiones, TTIP, se exclu\u00eda expresamente el Anexo\u00a0sobre\u00a0el\u00a0Sistema\u00a0Financiero por las supuestas diferencias entre los negociadores de Estados\u00a0Unidos\u00a0y la Uni\u00f3n Europea.<\/p>\n<p style=\"color: #000000; text-align: justify;\">Es importante\u00a0destacar\u00a0que la uni\u00f3n del documento sobre \u201cServicios\u201d del TTIP es una copia de los negociado en el Tratado de Servicios TiSA hasta noviembre de 2013 y si bien el documento\u00a0hecho\u00a0p\u00fablico por Wikileaks sobre el Sistema\u00a0Financiero\u00a0es m\u00e1s actual, ser\u00edoa la primera ocasi\u00f3n en que la opini\u00f3n p\u00fablica tendr\u00eda una informaci\u00f3n global sobre la secret\u00edsima negociaci\u00f3n del Tratado sobre Servicios TiSA.<\/p>\n<p style=\"color: #000000; text-align: justify;\">El Tratado de Servicio que se negocia de manera secreta en Ginebra y que carece de un m\u00ednimo control ciudadano y por ello democr\u00e1tico llega al extremo de encabezar el documento hecho p\u00fablico con un aviso sobre la desclasificaci\u00f3n del documento y que llega a los autores a establecer un periodo de cinco a\u00f1os\u00a0despu\u00e9s\u00a0de la firma del Tratado de Servicios.<\/p>\n<p style=\"color: #000000; text-align: justify;\">Utilizar la palabra osad\u00eda podr\u00eda\u00a0sonar\u00a0muy suave en comparaci\u00f3n con la intenci\u00f3n de los negociadores de ocultar los textos a los representantes de los ciudadanos en el Parlamento Europeo.<\/p>\n<p style=\"color: #000000; text-align: justify;\">Esta actitud opaca ya se trasluc\u00eda cuando en la resoluci\u00f3n del Parlamento Europeo que aprobaba el comienzo de la negociaciones del Tratado de Servicios el 4 de julio de 2013 se lamentaban de no haber tenido ni tan siquiera la oportunidad de leer un \u201cInforme de Impacto\u201d sobre el TiSA, informe que si se realiz\u00f3 cuando se aprob\u00f3 el comienzo de negociaci\u00f3n de Acuerdo Transatl\u00e1ntico, TTIP,\u00a0entre\u00a0la Uni\u00f3n Europea y Estados Unidos.<\/p>\n<p style=\"color: #000000; text-align: justify;\">El Parlamento expreso su \u201cqueja\u201d de la siguiente manera; \u201d\u00a0Toma nota de que el mandato de negociaci\u00f3n de la UE fue propuesto por la Comisi\u00f3n y aprobado por el Consejo sin realizar ninguna evaluaci\u00f3n de impacto; insiste en que la Comisi\u00f3n persevere en su intenci\u00f3n de preparar una evaluaci\u00f3n del impacto sobre la sostenibilidad y que debe hacerlo consultando a las partes interesadas en relaci\u00f3n con las preocupaciones sociales, ambientales y de otro tipo; solicita a la Comisi\u00f3n que publique la evaluaci\u00f3n del impacto sobre la sostenibilidad con el fin de tener en cuenta sus conclusiones en las negociaciones;\u201d<\/p>\n<p style=\"color: #000000; text-align: justify;\">A grandes rasgos, el Anerxo sobre el Sistema Financiero negociado en en Tratado de Servicios TiSA abre el mercado sin\u00a0pr\u00e1cticamente\u00a0restricciones a los Servicios Financieros Exteriores, e introduce una novedad en la negociaci\u00f3n, la denominada \u201cLista Negativa\u201d.<\/p>\n<p style=\"color: #000000; text-align: justify;\">A diferencia de otros Tratados, el TiSA da por\u00a0hecho\u00a0cada uno de los puntos del\u00a0Tratado\u00a0excepto que se incluya \u00a0una restricci\u00f3n espec\u00edfica. Lo habitual es que los Estados incluyan\u00a0restricciones\u00a0generales y de manera in\u00a0individual,\u00a0restricciones\u00a0espec\u00edficas basadas en las\u00a0caracter\u00edsticas\u00a0jur\u00eddica, econ\u00f3micas,\u00a0sociales\u00a0o de otro tipo espec\u00edficas del\u00a0pa\u00eds\u00a0en concreto. En este caso el TiSA excluye las\u00a0restricciones\u00a0generales y obliga a establecer de manera\u00a0individual\u00a0tantas\u00a0restricciones\u00a0que se requiera.<\/p>\n<p style=\"color: #000000; text-align: justify;\">Evidentemente esta forma\u00a0individual de\u00a0restricciones\u00a0supone ampliar hasta el infinito el efecto del\u00a0Tratado sobre todos los aspectos\u00a0\u00a0del sistema financiero y eliminar de un plumazo cualquier tipo de regulaci\u00f3n que impida el\u00a0libre\u00a0comercio de capitales y productos.<\/p>\n<p style=\"color: #000000; text-align: justify;\">El Tratado sobre Servicios Financieros provoca la sensaci\u00f3n de que se han reunido los propios interesados y han\u00a0decidido\u00a0hacer un Tratado a su imagen y semejanza, as\u00ed de simple. El\u00a0Tratado\u00a0establece la absoluta libertad de capitales e inversiones usando dos mecanismo ya conocidos en los\u00a0Tratados\u00a0de Libre\u00a0Comercio. El primero de ellos es e<a style=\"font-weight: inherit; font-style: inherit; color: #999999;\" href=\"http:\/\/economia-ciudadana.blogspot.com\/2014\/04\/Que-es-y-cuales-son-las-consecuencias-de-la-Proteccion-al-Inversor-ISDS-Investor-State-Dispute-Settlemen-Acuerdo-Comercial-Inversion-entre-UE-EE.UU.html\">l Mecanismo de Defensa del Inversor ISDS<\/a>, bajo la absurda idea de proteger a los inversores extranjeros de posibles expropiaciones directas o indirectas por parte del los Estados anfitriones.<\/p>\n<p style=\"color: #000000; text-align: justify;\">La \u201cno discriminaci\u00f3n\u201d a las empresas extranjeras respecto a las nacionales. Este apartado adem\u00e1s de suponer el uso indiscriminado del mecanismo de defensa del Inversor ISDS por la denominada \u201cexpropiaci\u00f3n indirecta\u201d supone un impacto traum\u00e1tico sobre las empresas nacionales del sector.<\/p>\n<p style=\"color: #000000; text-align: justify;\">Si a este desembarco sin limitaciones de los Servicios Financieros extranjeros se a\u00f1aden que se les permite operar son necesidad de tener sede en el pa\u00eds anfitri\u00f3n, nos podemos encontrar con un mercado carente de competencia y absorbido por las corporaciones financieras internacionales.<\/p>\n<p style=\"color: #000000; text-align: justify;\">Otro aspecto de Tratado de Servicios es la casi eliminaci\u00f3n absoluta de las regulaciones nacionales y la libertad de introducir nuevos productos o productos t\u00f3xicos sin restricciones.<\/p>\n<p style=\"color: #000000; text-align: justify;\">En el caso de los productos\u00a0t\u00f3xicos\u00a0podr\u00edamos\u00a0poner como ejemplo los CDS que jugaron un papel fundamental en la\u00a0crisis\u00a0de la deuda Soberana de los\u00a0pa\u00edses\u00a0perif\u00e9ricos\u00a0de la Uni\u00f3n Europea como Espa\u00f1a,\u00a0Portugal\u00a0o Grecia.<\/p>\n<p style=\"color: #000000; text-align: justify;\">No quisiera dejar de comentar el uso que pretende el Tratado de Servicios TiSA de los datos personales y financieros,\u00a0acumul\u00e1ndose\u00a0en las bases de datos de los diferentes\u00a0actores\u00a0del\u00a0Sistema\u00a0Financiero para ser utilizados a conveniencia de los gestores de dichas bases de datos.<\/p>\n<p style=\"color: #000000; text-align: justify;\">El Tratado de\u00a0Servicios, TiSA,\u00a0\u00a0pretende \u00a0usar comercialmente los datos personales privados con fines comerciales y sin las molestas restricciones que establecen los Estados para proteger a sus ciudadanos.<\/p>\n<p style=\"color: #000000; text-align: justify;\">Este documento m\u00e1s elaborado y con propuestas m\u00e1s concretas sobre los Servicios\u00a0Financieros es la muestra definitiva que\u00a0\u00a0los mecanismo democr\u00e1ticos no funcionan y que quienes cobran y debieran estar al servicio de los ciudadanos realmente rinden pleites\u00eda a las grandes corporaciones financieras sin importarles las consecuencias sobre los servicios sociales, de salud o medio ambiente.<\/p>\n<p style=\"color: #000000; text-align: justify;\">El conocimiento que nos\u00a0proporcionan medios independientes de informaci\u00f3n como WIkileaks o Filtrala nos permite ver la autentica realidad sobre la crisis econ\u00f3mica y su gesti\u00f3n,\u00a0permiti\u00e9ndonos\u00a0decidir que hacer para anular estas agresiones al Estado Social y democr\u00e1tico en el que queremos vivir.<\/p>\n<p style=\"color: #000000; text-align: justify;\"><a style=\"font-weight: inherit; font-style: inherit; color: #999999;\" title=\"View WikiLeaks-secret-tisa-financial-annex2.pdf on Scribd\" href=\"http:\/\/es.scribd.com\/doc\/230442599\/WikiLeaks-secret-tisa-financial-annex2-pdf\">WikiLeaks-secret-tisa-financial-annex2.pdf<\/a>\u00a0by\u00a0<a style=\"font-weight: inherit; font-style: inherit; color: #999999;\" title=\"View Gregorio Abascal's profile on Scribd\" href=\"http:\/\/www.scribd.com\/gregorio_abascal\">Gregorio Abascal<\/a><\/p>\n<p style=\"color: #000000; text-align: justify;\"><a style=\"font-weight: inherit; font-style: inherit; color: #236cbf !important;\" title=\"View WikiLeaks-secret-tisa-financial-annex2.pdf on Scribd\" href=\"http:\/\/www.scribd.com\/doc\/230442599\">WikiLeaks-secret-tisa-financial-annex2.pdf<\/a><\/p>\n<h1 style=\"color: #000000; text-align: justify;\"><span style=\"color: #000000;\">Hist\u00f3rica sentencia del Tribunal de Justicia de la Uni\u00f3n Europea rompe el muro de secretismo en las negociaciones del Acuerdo Transatl\u00e1ntico de Comercio entre EEUU y UE<\/span><\/h1>\n<p style=\"color: #333333; text-align: justify;\">La Sala Primera del Tribunal de Justicia de la Uni\u00f3n Europea dict\u00f3 el pasado 3 de julio una sentencia hist\u00f3rica, en respuesta al recurso de casaci\u00f3n del Consejo de la UE que buscaba impedir el acceso a los documentos de las negociaciones internacionales, tanto a ciudadanos europeos como a sus respectivos representantes en el Parlamento Europeo.<\/p>\n<p style=\"color: #333333; text-align: justify;\">Si bien la Sentencia C 350\/12 P no se refiere directamente al Acuerdo Transatl\u00e1ntico de Comercio e Inversiones (m\u00e1s conocido por sus siglas en ingl\u00e9s TTIP), s\u00ed que le afecta de lleno por establecer de forma firme, y por lo tanto creando jurisprudencia frente al habitual secretismo de la Comisi\u00f3n, la obligaci\u00f3n de permitir el acceso a los documentos de una negociaci\u00f3n internacional, total o parcialmente, a cualquier ciudadano o representante del Parlamento Europeo, anulando las estratagemas m\u00e1s comunes para la denegaci\u00f3n de acceso a dicha informaci\u00f3n, basadas en hipot\u00e9ticos perjuicios o simplemente arguyendo que es una negociaci\u00f3n que ya est\u00e1 en curso.<\/p>\n<p style=\"color: #333333; text-align: justify;\">Como viene siendo habitual en las negociaciones del TTIP, el Consejo Europeo y la Comisi\u00f3n Europea han denegado sistem\u00e1ticamente el acceso a los documentos, bas\u00e1ndose en el perjuicio que supondr\u00eda hacer p\u00fablicas las estrategias de negociaci\u00f3n de la UE, puesto que dicho conocimiento dar\u00eda, seg\u00fan la Comisi\u00f3n, una ventaja substancial a la parte contraria, \u00a0Estados Unidos.<\/p>\n<p style=\"color: #333333; text-align: justify;\">La Sentencia de la Sala Primera del TJUE interpreta adecuadamente el equilibrio de intereses entre las instituciones europeas, que deben garantizar el acceso a toda la informaci\u00f3n de su gesti\u00f3n como muestra efectiva del derecho de los ciudadanos a la transparencia, con la necesaria discreci\u00f3n que debe acompa\u00f1ar a una negociaci\u00f3n internacional, que evite descubrir a la parte contraria las l\u00edneas fundamentales de la estrategia negociadora.<\/p>\n<p style=\"color: #333333; text-align: justify;\">Si bien la transparencia deber\u00eda ser intr\u00ednseca al funcionamiento de las instituciones europeas, y sobre todo en el caso de la Comisi\u00f3n Europea debido a su escaso car\u00e1cter democr\u00e1tico, el TJUE se ve obligado a recordar al Poder Ejecutivo toda una serie de obviedades sobre transparencia, acceso a documentos elaborados o recibidos por instituciones \u00a0europeas y derechos fundamentales de ciudadanos, contemplados en el art. 6 del Tratado UE y en la Carta de los Derechos Fundamentales de la Uni\u00f3n Europea.<\/p>\n<p style=\"color: #333333; text-align: justify;\"><a href=\"http:\/\/economia-ciudadana.blogspot.com\/2014\/07\/historica-sentencia-del-tribunal-de-justicia-de-la-UE-rompe-el-muro-de-secretismo-en-las-negociaciones-TTIP-Acuerdo-de-Comercio-EEUU-y-la-UE.html\">Para seguir leyendo<\/a><\/p>\n","protected":false},"excerpt":{"rendered":"<p>\u00bfQu\u00e9 es el Tratado de Libre Comercio (TTIP)? El Tratado Transatl\u00e1ntico de Comercio e Inversiones (TTIP en sus siglas en ingl\u00e9s) es un tratado de libre comercio que se est\u00e1 negociando entre la Uni\u00f3n Europea y Estados Unidos desde junio &hellip; <a href=\"https:\/\/cgtcantabria.org\/wp\/?page_id=2118\">Sigue leyendo <span class=\"meta-nav\">&rarr;<\/span><\/a><\/p>\n","protected":false},"author":13,"featured_media":0,"parent":0,"menu_order":0,"comment_status":"open","ping_status":"open","template":"","meta":{"footnotes":""},"class_list":["post-2118","page","type-page","status-publish","hentry"],"_links":{"self":[{"href":"https:\/\/cgtcantabria.org\/wp\/index.php?rest_route=\/wp\/v2\/pages\/2118","targetHints":{"allow":["GET"]}}],"collection":[{"href":"https:\/\/cgtcantabria.org\/wp\/index.php?rest_route=\/wp\/v2\/pages"}],"about":[{"href":"https:\/\/cgtcantabria.org\/wp\/index.php?rest_route=\/wp\/v2\/types\/page"}],"author":[{"embeddable":true,"href":"https:\/\/cgtcantabria.org\/wp\/index.php?rest_route=\/wp\/v2\/users\/13"}],"replies":[{"embeddable":true,"href":"https:\/\/cgtcantabria.org\/wp\/index.php?rest_route=%2Fwp%2Fv2%2Fcomments&post=2118"}],"version-history":[{"count":3,"href":"https:\/\/cgtcantabria.org\/wp\/index.php?rest_route=\/wp\/v2\/pages\/2118\/revisions"}],"predecessor-version":[{"id":2287,"href":"https:\/\/cgtcantabria.org\/wp\/index.php?rest_route=\/wp\/v2\/pages\/2118\/revisions\/2287"}],"wp:attachment":[{"href":"https:\/\/cgtcantabria.org\/wp\/index.php?rest_route=%2Fwp%2Fv2%2Fmedia&parent=2118"}],"curies":[{"name":"wp","href":"https:\/\/api.w.org\/{rel}","templated":true}]}}