{"id":284,"date":"2012-01-17T18:22:57","date_gmt":"2012-01-17T16:22:57","guid":{"rendered":"http:\/\/cgtcantabria.org\/wp\/?page_id=284"},"modified":"2013-12-24T15:19:08","modified_gmt":"2013-12-24T13:19:08","slug":"que-es-la-cgt","status":"publish","type":"page","link":"https:\/\/cgtcantabria.org\/wp\/?page_id=284","title":{"rendered":"Que es la CGT"},"content":{"rendered":"<h2><strong><a href=\"http:\/\/cgtcantabria.org\/wp\/wp-content\/uploads\/2012\/05\/cartel-cgt-gsanta-lucia1.jpg\"><img loading=\"lazy\" decoding=\"async\" class=\"wp-image-704 alignleft\" alt=\"cartel cgt gsanta lucia\" src=\"http:\/\/cgtcantabria.org\/wp\/wp-content\/uploads\/2012\/05\/cartel-cgt-gsanta-lucia1-300x200.jpg\" width=\"252\" height=\"168\" srcset=\"https:\/\/cgtcantabria.org\/wp\/wp-content\/uploads\/2012\/05\/cartel-cgt-gsanta-lucia1-300x200.jpg 300w, https:\/\/cgtcantabria.org\/wp\/wp-content\/uploads\/2012\/05\/cartel-cgt-gsanta-lucia1.jpg 920w\" sizes=\"auto, (max-width: 252px) 100vw, 252px\" \/><\/a><\/strong><\/h2>\n<h2><strong>Confederaci\u00f3n General del Trabajo &#8211; Cantabria<\/strong><\/h2>\n<h2 style=\"text-align: justify;\"><\/h2>\n<p style=\"text-align: left;\"><strong>Sindicato de Orientaci\u00f3n Anarcosindicalista, es decir, de Clase, Aut\u00f3noma, Autogestionaria, Federalista, Internacionalista y Libertaria.<\/strong><\/p>\n<p>Nuestro objetivo es la defensa de las trabajadoras y los trabajadores tanto en el mundo laboral como en otro \u00e1mbitos de la acci\u00f3n social. En un \u00faltimo t\u00e9rmino pretendemos cambiar una sociedad que no nos gusta por desigual, injusta, autoritaria e irracional.<\/p>\n<p>A tal fin apostamos por la acci\u00f3n directa de las trabajadores y trabajadores organizados de forma aut\u00f3noma en sindicatos de base e independientes del poder pol\u00edtico y econ\u00f3mico.<\/p>\n<p>Por ello nos fundamos en los siguientes pilares y en consecuencia a ellos caminamos:<\/p>\n<div>\n<ul>\n<li><strong>Autonom\u00eda e Independencia.<\/strong> No estamos, en el d\u00eda a d\u00eda, para ayudar a subir o a caer a un determinado partido pol\u00edtico, sino para defender los intereses de los\/as trabajadorxs, para mejorar sus retribuciones y sus condiciones de trabajo.<\/li>\n<li><strong>Solidaridad y Apoyo Mutuo.<\/strong> Si tocan a unx, nos tocan a todxs.<\/li>\n<li><strong>Acci\u00f3n Directa. <\/strong>Auto organizaci\u00f3n\u00a0enfocada en dar respuestas puntuales a situaciones concretas, o para la creaci\u00f3n de condiciones\u00a0m\u00e1s favorables, usando los medios disponibles.<\/li>\n<li><strong>Participaci\u00f3n y Horizontalidad.\u00a0<\/strong>En CGT no hay directivxs ni generales que deciden por todxs. En CGT las decisiones fluyen de abajo a arriba.\u00a0Los\/as afiliadxs votan y el Secretariado Permanente del Sindicato (que es un \u00f3rgano de gesti\u00f3n y no de decisi\u00f3n) hace suya la propuesta que han votado mayoritariamente los\/as afiliadxs.<\/li>\n<li><strong>Honestidad y Transparencia.\u00a0<\/strong>Como no podr\u00eda ser de otra forma.<\/li>\n<li><strong>Pluralidad y Respeto.\u00a0<\/strong>\u00abUn mundo donde quepan muchos mundos\u00bb<\/li>\n<\/ul>\n<p><em>El movimiento se demuestra caminando<\/em> y por ello os invitamos a pasaros por el local o a contactar con nosotros y a acompa\u00f1arnos en la construcci\u00f3n de un sindicalismo de clase fuerte. Un nuevo sindicalismo por y para la defensa de los intereses de la gente honesta y humilde, de gente como tu.<\/p>\n<p>*) Para m\u00e1s informaci\u00f3n dispon\u00e9is de un enlace a los estatutos de la CGT en la columna de la derecha.<\/p>\n<p><img loading=\"lazy\" decoding=\"async\" class=\"alignnone\" alt=\"\" src=\"http:\/\/cgtcantabria.org\/wp\/wp-content\/uploads\/2012\/01\/Foto-Nosotrxs-copia.jpg\" width=\"686\" height=\"326\" \/><\/p>\n<\/div>\n","protected":false},"excerpt":{"rendered":"<p>Confederaci\u00f3n General del Trabajo &#8211; Cantabria Sindicato de Orientaci\u00f3n Anarcosindicalista, es decir, de Clase, Aut\u00f3noma, Autogestionaria, Federalista, Internacionalista y Libertaria. Nuestro objetivo es la defensa de las trabajadoras y los trabajadores tanto en el mundo laboral como en otro \u00e1mbitos &hellip; <a href=\"https:\/\/cgtcantabria.org\/wp\/?page_id=284\">Sigue leyendo <span class=\"meta-nav\">&rarr;<\/span><\/a><\/p>\n","protected":false},"author":1,"featured_media":0,"parent":0,"menu_order":0,"comment_status":"closed","ping_status":"closed","template":"","meta":{"footnotes":""},"class_list":["post-284","page","type-page","status-publish","hentry"],"_links":{"self":[{"href":"https:\/\/cgtcantabria.org\/wp\/index.php?rest_route=\/wp\/v2\/pages\/284","targetHints":{"allow":["GET"]}}],"collection":[{"href":"https:\/\/cgtcantabria.org\/wp\/index.php?rest_route=\/wp\/v2\/pages"}],"about":[{"href":"https:\/\/cgtcantabria.org\/wp\/index.php?rest_route=\/wp\/v2\/types\/page"}],"author":[{"embeddable":true,"href":"https:\/\/cgtcantabria.org\/wp\/index.php?rest_route=\/wp\/v2\/users\/1"}],"replies":[{"embeddable":true,"href":"https:\/\/cgtcantabria.org\/wp\/index.php?rest_route=%2Fwp%2Fv2%2Fcomments&post=284"}],"version-history":[{"count":5,"href":"https:\/\/cgtcantabria.org\/wp\/index.php?rest_route=\/wp\/v2\/pages\/284\/revisions"}],"predecessor-version":[{"id":389,"href":"https:\/\/cgtcantabria.org\/wp\/index.php?rest_route=\/wp\/v2\/pages\/284\/revisions\/389"}],"wp:attachment":[{"href":"https:\/\/cgtcantabria.org\/wp\/index.php?rest_route=%2Fwp%2Fv2%2Fmedia&parent=284"}],"curies":[{"name":"wp","href":"https:\/\/api.w.org\/{rel}","templated":true}]}}